{"id":90,"date":"2025-05-25T19:54:08","date_gmt":"2025-05-25T17:54:08","guid":{"rendered":"https:\/\/usm-maferinyah.com\/?page_id=90"},"modified":"2026-02-21T21:50:17","modified_gmt":"2026-02-21T20:50:17","slug":"academie","status":"publish","type":"page","link":"https:\/\/usm-maferinyah.com\/index.php\/academie\/","title":{"rendered":"Acad\u00e9mie"},"content":{"rendered":"\t\t<div data-elementor-type=\"wp-page\" data-elementor-id=\"90\" class=\"elementor elementor-90\">\n\t\t\t\t\t\t<section class=\"elementor-section elementor-top-section elementor-element elementor-element-6d1ef931 elementor-section-height-min-height elementor-section-items-stretch elementor-section-content-bottom elementor-section-boxed elementor-section-height-default\" data-id=\"6d1ef931\" data-element_type=\"section\" data-settings=\"{&quot;background_background&quot;:&quot;classic&quot;}\">\n\t\t\t\t\t\t\t<div class=\"elementor-background-overlay\"><\/div>\n\t\t\t\t\t\t\t<div class=\"elementor-container elementor-column-gap-default\">\n\t\t\t\t\t<div class=\"elementor-column elementor-col-100 elementor-top-column elementor-element elementor-element-756278cb\" data-id=\"756278cb\" data-element_type=\"column\">\n\t\t\t<div class=\"elementor-widget-wrap elementor-element-populated\">\n\t\t\t\t\t\t<div class=\"elementor-element elementor-element-76445e6 elementor-widget elementor-widget-heading\" data-id=\"76445e6\" data-element_type=\"widget\" data-widget_type=\"heading.default\">\n\t\t\t\t<div class=\"elementor-widget-container\">\n\t\t\t\t\t<h2 class=\"elementor-heading-title elementor-size-large\">Centre de formation<\/h2>\t\t\t\t<\/div>\n\t\t\t\t<\/div>\n\t\t\t\t<div class=\"elementor-element elementor-element-9e7d38b elementor-widget elementor-widget-heading\" data-id=\"9e7d38b\" data-element_type=\"widget\" data-widget_type=\"heading.default\">\n\t\t\t\t<div class=\"elementor-widget-container\">\n\t\t\t\t\t<h2 class=\"elementor-heading-title elementor-size-xl\">Acad\u00e9mie USM Maferinyah<\/h2>\t\t\t\t<\/div>\n\t\t\t\t<\/div>\n\t\t\t\t\t<\/div>\n\t\t<\/div>\n\t\t\t\t\t<\/div>\n\t\t<\/section>\n\t\t\t\t<section class=\"elementor-section elementor-top-section elementor-element elementor-element-2c626928 elementor-section-boxed elementor-section-height-default elementor-section-height-default\" data-id=\"2c626928\" data-element_type=\"section\" data-settings=\"{&quot;background_background&quot;:&quot;classic&quot;}\">\n\t\t\t\t\t\t\t<div class=\"elementor-background-overlay\"><\/div>\n\t\t\t\t\t\t\t<div class=\"elementor-container elementor-column-gap-default\">\n\t\t\t\t\t<div class=\"elementor-column elementor-col-100 elementor-top-column elementor-element elementor-element-81621b4\" data-id=\"81621b4\" data-element_type=\"column\" data-settings=\"{&quot;background_background&quot;:&quot;classic&quot;}\">\n\t\t\t<div class=\"elementor-widget-wrap elementor-element-populated\">\n\t\t\t\t\t\t<section class=\"elementor-section elementor-inner-section elementor-element elementor-element-6bc784c1 elementor-section-boxed elementor-section-height-default elementor-section-height-default\" data-id=\"6bc784c1\" data-element_type=\"section\">\n\t\t\t\t\t\t<div class=\"elementor-container elementor-column-gap-default\">\n\t\t\t\t\t<div class=\"elementor-column elementor-col-100 elementor-inner-column elementor-element elementor-element-23385a1e\" data-id=\"23385a1e\" data-element_type=\"column\">\n\t\t\t<div class=\"elementor-widget-wrap elementor-element-populated\">\n\t\t\t\t\t\t<div class=\"elementor-element elementor-element-4e9fa57b envato-kit-138-bracket elementor-widget elementor-widget-heading\" data-id=\"4e9fa57b\" data-element_type=\"widget\" data-widget_type=\"heading.default\">\n\t\t\t\t<div class=\"elementor-widget-container\">\n\t\t\t\t\t<h3 class=\"elementor-heading-title elementor-size-default\">Effectifs 2026\/2027<\/h3>\t\t\t\t<\/div>\n\t\t\t\t<\/div>\n\t\t\t\t<div class=\"elementor-element elementor-element-5d5fd97f elementor-widget elementor-widget-heading\" data-id=\"5d5fd97f\" data-element_type=\"widget\" data-widget_type=\"heading.default\">\n\t\t\t\t<div class=\"elementor-widget-container\">\n\t\t\t\t\t<h2 class=\"elementor-heading-title elementor-size-default\">USM MAFERINYAH<\/h2>\t\t\t\t<\/div>\n\t\t\t\t<\/div>\n\t\t\t\t<div class=\"elementor-element elementor-element-a829218 elementor-widget-divider--view-line elementor-widget elementor-widget-divider\" data-id=\"a829218\" data-element_type=\"widget\" data-widget_type=\"divider.default\">\n\t\t\t\t<div class=\"elementor-widget-container\">\n\t\t\t\t\t\t\t<div class=\"elementor-divider\">\n\t\t\t<span class=\"elementor-divider-separator\">\n\t\t\t\t\t\t<\/span>\n\t\t<\/div>\n\t\t\t\t\t\t<\/div>\n\t\t\t\t<\/div>\n\t\t\t\t<div class=\"elementor-element elementor-element-1249f40f elementor-widget elementor-widget-text-editor\" data-id=\"1249f40f\" data-element_type=\"widget\" data-widget_type=\"text-editor.default\">\n\t\t\t\t<div class=\"elementor-widget-container\">\n\t\t\t\t\t\t\t\t\t<p>D\u00e9couvrez notre centre de formation pour la saison 2025\/2026 : un vivier de jeunes talents encadr\u00e9s par un staff technique passionn\u00e9 et exp\u00e9riment\u00e9. Entre apprentissage, ambition et esprit collectif, cette nouvelle saison s\u2019annonce riche en d\u00e9veloppement et en progression !<\/p>\t\t\t\t\t\t\t\t<\/div>\n\t\t\t\t<\/div>\n\t\t\t\t\t<\/div>\n\t\t<\/div>\n\t\t\t\t\t<\/div>\n\t\t<\/section>\n\t\t\t\t<div class=\"elementor-element elementor-element-9133b34 elementor-widget elementor-widget-spacer\" data-id=\"9133b34\" data-element_type=\"widget\" data-widget_type=\"spacer.default\">\n\t\t\t\t<div class=\"elementor-widget-container\">\n\t\t\t\t\t\t\t<div class=\"elementor-spacer\">\n\t\t\t<div class=\"elementor-spacer-inner\"><\/div>\n\t\t<\/div>\n\t\t\t\t\t\t<\/div>\n\t\t\t\t<\/div>\n\t\t\t\t<div class=\"elementor-element elementor-element-1c5179f1 elementor-pagination-position-outside elementor-widget elementor-widget-image-carousel\" data-id=\"1c5179f1\" data-element_type=\"widget\" data-settings=\"{&quot;slides_to_show&quot;:&quot;3&quot;,&quot;slides_to_scroll&quot;:&quot;1&quot;,&quot;navigation&quot;:&quot;dots&quot;,&quot;autoplay_speed&quot;:6000,&quot;autoplay&quot;:&quot;yes&quot;,&quot;pause_on_hover&quot;:&quot;yes&quot;,&quot;pause_on_interaction&quot;:&quot;yes&quot;,&quot;infinite&quot;:&quot;yes&quot;,&quot;speed&quot;:500,&quot;image_spacing_custom&quot;:{&quot;unit&quot;:&quot;px&quot;,&quot;size&quot;:20,&quot;sizes&quot;:[]},&quot;image_spacing_custom_tablet&quot;:{&quot;unit&quot;:&quot;px&quot;,&quot;size&quot;:&quot;&quot;,&quot;sizes&quot;:[]},&quot;image_spacing_custom_mobile&quot;:{&quot;unit&quot;:&quot;px&quot;,&quot;size&quot;:&quot;&quot;,&quot;sizes&quot;:[]}}\" data-widget_type=\"image-carousel.default\">\n\t\t\t\t<div class=\"elementor-widget-container\">\n\t\t\t\t\t\t\t<div class=\"elementor-image-carousel-wrapper swiper\" role=\"region\" aria-roledescription=\"carousel\" aria-label=\"Carrousel d\u2019images\" dir=\"ltr\">\n\t\t\t<div class=\"elementor-image-carousel swiper-wrapper swiper-image-stretch\" aria-live=\"off\">\n\t\t\t\t\t\t\t\t<div class=\"swiper-slide\" role=\"group\" aria-roledescription=\"slide\" aria-label=\"1 sur 21\"><figure class=\"swiper-slide-inner\"><img decoding=\"async\" class=\"swiper-slide-image\" src=\"https:\/\/usm-maferinyah.com\/wp-content\/uploads\/elementor\/thumbs\/Effectif-20262027-USM--rjhv26s8j2m4jokrmdr56rfxz4wz9d6tqvqi27h3sg.jpeg\" alt=\"\u00c9quipe USM Maferinyah - Effectif 2026-2027 - Centre de formation football Guin\u00e9e\" \/><\/figure><\/div><div class=\"swiper-slide\" role=\"group\" aria-roledescription=\"slide\" aria-label=\"2 sur 21\"><figure class=\"swiper-slide-inner\"><img decoding=\"async\" class=\"swiper-slide-image\" src=\"https:\/\/usm-maferinyah.com\/wp-content\/uploads\/elementor\/thumbs\/WhatsApp-Image-2025-05-20-a-21.32.45_8f17a40c-r86crdr1u1csay1flfo8n8caycfrxvhvi36yquab1s.jpg\" alt=\"WhatsApp Image 2025-05-20 \u00e0 21.32.45_8f17a40c\" \/><\/figure><\/div><div class=\"swiper-slide\" role=\"group\" aria-roledescription=\"slide\" aria-label=\"3 sur 21\"><figure class=\"swiper-slide-inner\"><img decoding=\"async\" class=\"swiper-slide-image\" src=\"https:\/\/usm-maferinyah.com\/wp-content\/uploads\/elementor\/thumbs\/WhatsApp-Image-2025-04-24-a-18.47.25_9f3ae08b-r6c9u7akvt1btwmpxkbhhhglaaws2zy89lu8e7becw.jpg\" alt=\"WhatsApp Image 2025-04-24 \u00e0 18.47.25_9f3ae08b\" \/><\/figure><\/div><div class=\"swiper-slide\" role=\"group\" aria-roledescription=\"slide\" aria-label=\"4 sur 21\"><figure class=\"swiper-slide-inner\"><img decoding=\"async\" class=\"swiper-slide-image\" src=\"https:\/\/usm-maferinyah.com\/wp-content\/uploads\/elementor\/thumbs\/WhatsApp-Image-2025-04-02-a-13.43.47_e0eb2122-r6c9u88f2n2m5ilcs2q41z81vos5ap1ylqhpvha06o.jpg\" alt=\"WhatsApp Image 2025-04-02 \u00e0 13.43.47_e0eb2122\" \/><\/figure><\/div><div class=\"swiper-slide\" role=\"group\" aria-roledescription=\"slide\" aria-label=\"5 sur 21\"><figure class=\"swiper-slide-inner\"><img decoding=\"async\" class=\"swiper-slide-image\" src=\"https:\/\/usm-maferinyah.com\/wp-content\/uploads\/elementor\/thumbs\/WhatsApp-Image-2025-04-24-a-18.47.25_cf4fedc3-r6c9u7akvt1btwmpxkbhhhglaaws2zy89lu8e7becw.jpg\" alt=\"WhatsApp Image 2025-04-24 \u00e0 18.47.25_cf4fedc3\" \/><\/figure><\/div><div class=\"swiper-slide\" role=\"group\" aria-roledescription=\"slide\" aria-label=\"6 sur 21\"><figure class=\"swiper-slide-inner\"><img decoding=\"async\" class=\"swiper-slide-image\" src=\"https:\/\/usm-maferinyah.com\/wp-content\/uploads\/elementor\/thumbs\/WhatsApp-Image-2025-04-24-a-18.47.27_027497c2-r6c9twycsmn6a71qlxul822ir2bqqbt6k6nw45qq9c.jpg\" alt=\"WhatsApp Image 2025-04-24 \u00e0 18.47.27_027497c2\" \/><\/figure><\/div><div class=\"swiper-slide\" role=\"group\" aria-roledescription=\"slide\" aria-label=\"7 sur 21\"><figure class=\"swiper-slide-inner\"><img decoding=\"async\" class=\"swiper-slide-image\" src=\"https:\/\/usm-maferinyah.com\/wp-content\/uploads\/elementor\/thumbs\/WhatsApp-Image-2025-04-24-a-18.47.25_8c0defc3-r6c9r4dmhcthrx3tx8dib9g76u3guppwicuxrjvur4.jpg\" alt=\"WhatsApp Image 2025-04-24 \u00e0 18.47.25_8c0defc3\" \/><\/figure><\/div><div class=\"swiper-slide\" role=\"group\" aria-roledescription=\"slide\" aria-label=\"8 sur 21\"><figure class=\"swiper-slide-inner\"><img decoding=\"async\" class=\"swiper-slide-image\" src=\"https:\/\/usm-maferinyah.com\/wp-content\/uploads\/elementor\/thumbs\/WhatsApp-Image-2025-05-20-a-21.32.19_73e0f71b-r6c9tw0ilslvyl33rffynkb25ogdimpg820emvs4fk.jpg\" alt=\"WhatsApp Image 2025-05-20 \u00e0 21.32.19_73e0f71b\" \/><\/figure><\/div><div class=\"swiper-slide\" role=\"group\" aria-roledescription=\"slide\" aria-label=\"9 sur 21\"><figure class=\"swiper-slide-inner\"><img decoding=\"async\" class=\"swiper-slide-image\" src=\"https:\/\/usm-maferinyah.com\/wp-content\/uploads\/elementor\/thumbs\/WhatsApp-Image-2025-04-02-a-14.01.32_3bf524b1-r6c9u9699h3wh4jzml4qmgzih2niie5oxv57cr8m0g.jpg\" alt=\"WhatsApp Image 2025-04-02 \u00e0 14.01.32_3bf524b1\" \/><\/figure><\/div><div class=\"swiper-slide\" role=\"group\" aria-roledescription=\"slide\" aria-label=\"10 sur 21\"><figure class=\"swiper-slide-inner\"><img decoding=\"async\" class=\"swiper-slide-image\" src=\"https:\/\/usm-maferinyah.com\/wp-content\/uploads\/elementor\/thumbs\/WhatsApp-Image-2025-04-02-a-13.53.22_a88a118b-r43nj7mhrxp67e067pszmwjcgo9u0opwutee9jae0g.jpg\" alt=\"WhatsApp Image 2025-04-02 \u00e0 13.53.22_a88a118b\" \/><\/figure><\/div><div class=\"swiper-slide\" role=\"group\" aria-roledescription=\"slide\" aria-label=\"11 sur 21\"><figure class=\"swiper-slide-inner\"><img decoding=\"async\" class=\"swiper-slide-image\" src=\"https:\/\/usm-maferinyah.com\/wp-content\/uploads\/elementor\/thumbs\/WhatsApp-Image-2025-04-02-a-14.01.49_53841b1e-r43mxp3hcg8wgp97uf0ekbziz6bdu3b38buatj6sfk.jpg\" alt=\"WhatsApp Image 2025-04-02 \u00e0 14.01.49_53841b1e\" \/><\/figure><\/div><div class=\"swiper-slide\" role=\"group\" aria-roledescription=\"slide\" aria-label=\"12 sur 21\"><figure class=\"swiper-slide-inner\"><img decoding=\"async\" class=\"swiper-slide-image\" src=\"https:\/\/usm-maferinyah.com\/wp-content\/uploads\/elementor\/thumbs\/WhatsApp-Image-2024-04-01-at-22.54.36-qmcxnbg6s1fg7mhheaxg59yjwa07hdx5oqrpl4sdps.jpeg\" alt=\"WhatsApp Image 2024-04-01 at 22.54.36\" \/><\/figure><\/div><div class=\"swiper-slide\" role=\"group\" aria-roledescription=\"slide\" aria-label=\"13 sur 21\"><figure class=\"swiper-slide-inner\"><img decoding=\"async\" class=\"swiper-slide-image\" src=\"https:\/\/usm-maferinyah.com\/wp-content\/uploads\/elementor\/thumbs\/WhatsApp-Image-2024-04-01-at-22.54.37-2-qmcxn7ou0paax6my09axvawpiqiqmli8c85ro0xyeo.jpeg\" alt=\"WhatsApp Image 2024-04-01 at 22.54.37 (2)\" \/><\/figure><\/div><div class=\"swiper-slide\" role=\"group\" aria-roledescription=\"slide\" aria-label=\"14 sur 21\"><figure class=\"swiper-slide-inner\"><img decoding=\"async\" class=\"swiper-slide-image\" src=\"https:\/\/usm-maferinyah.com\/wp-content\/uploads\/elementor\/thumbs\/WhatsApp-Image-2024-04-02-at-01.16.24-qmcxn7ou0paax6my09axvawpiqiqmli8c85ro0xyeo.jpeg\" alt=\"WhatsApp Image 2024-04-02 at 01.16.24\" \/><\/figure><\/div><div class=\"swiper-slide\" role=\"group\" aria-roledescription=\"slide\" aria-label=\"15 sur 21\"><figure class=\"swiper-slide-inner\"><img decoding=\"async\" class=\"swiper-slide-image\" src=\"https:\/\/usm-maferinyah.com\/wp-content\/uploads\/elementor\/thumbs\/WhatsApp-Image-2024-04-01-at-22.54.37-qmcxn6qztv90lkob5qwbat58xcndewei03ia6qzckw.jpeg\" alt=\"WhatsApp Image 2024-04-01 at 22.54.37\" \/><\/figure><\/div><div class=\"swiper-slide\" role=\"group\" aria-roledescription=\"slide\" aria-label=\"16 sur 21\"><figure class=\"swiper-slide-inner\"><img decoding=\"async\" class=\"swiper-slide-image\" src=\"https:\/\/usm-maferinyah.com\/wp-content\/uploads\/elementor\/thumbs\/WhatsApp-Image-2024-04-01-at-22.54.36-1-qmcxn5t5n17q9ypob8hoqbdsbys077arnyusph0qr4.jpeg\" alt=\"WhatsApp Image 2024-04-01 at 22.54.36 (1)\" \/><\/figure><\/div><div class=\"swiper-slide\" role=\"group\" aria-roledescription=\"slide\" aria-label=\"17 sur 21\"><figure class=\"swiper-slide-inner\"><img decoding=\"async\" class=\"swiper-slide-image\" src=\"https:\/\/usm-maferinyah.com\/wp-content\/uploads\/elementor\/thumbs\/WhatsApp-Image-2024-03-26-at-09.19.24-qmcxn9kiedcvkek7pa470afmpi9h1zpp0hgqmkv628.jpeg\" alt=\"WhatsApp Image 2024-03-26 at 09.19.24\" \/><\/figure><\/div><div class=\"swiper-slide\" role=\"group\" aria-roledescription=\"slide\" aria-label=\"18 sur 21\"><figure class=\"swiper-slide-inner\"><img decoding=\"async\" class=\"swiper-slide-image\" src=\"https:\/\/usm-maferinyah.com\/wp-content\/uploads\/elementor\/thumbs\/WhatsApp-Image-2024-03-26-at-09.15.35-qmcxn8mo7jbl8slkurpkfso644e3ualyoct95awk8g.jpeg\" alt=\"WhatsApp Image 2024-03-26 at 09.15.35\" \/><\/figure><\/div><div class=\"swiper-slide\" role=\"group\" aria-roledescription=\"slide\" aria-label=\"19 sur 21\"><figure class=\"swiper-slide-inner\"><img decoding=\"async\" class=\"swiper-slide-image\" src=\"https:\/\/usm-maferinyah.com\/wp-content\/uploads\/elementor\/thumbs\/WhatsApp-Image-2024-03-26-at-09.15.35-1-qmcxn9kiedcvkek7pa470afmpi9h1zpp0hgqmkv628.jpeg\" alt=\"WhatsApp Image 2024-03-26 at 09.15.35 (1)\" \/><\/figure><\/div><div class=\"swiper-slide\" role=\"group\" aria-roledescription=\"slide\" aria-label=\"20 sur 21\"><figure class=\"swiper-slide-inner\"><img decoding=\"async\" class=\"swiper-slide-image\" src=\"https:\/\/usm-maferinyah.com\/wp-content\/uploads\/elementor\/thumbs\/WhatsApp-Image-2024-03-30-at-15.46.43-qmcxnaicl7e5w0iujsitks73aw4u9otfcm483utrw0.jpeg\" alt=\"WhatsApp Image 2024-03-30 at 15.46.43\" \/><\/figure><\/div><div class=\"swiper-slide\" role=\"group\" aria-roledescription=\"slide\" aria-label=\"21 sur 21\"><figure class=\"swiper-slide-inner\"><img decoding=\"async\" class=\"swiper-slide-image\" src=\"https:\/\/usm-maferinyah.com\/wp-content\/uploads\/elementor\/thumbs\/WhatsApp-Image-2024-03-26-at-09.15.36-qmcxnaicl7e5w0iujsitks73aw4u9otfcm483utrw0.jpeg\" alt=\"WhatsApp Image 2024-03-26 at 09.15.36\" \/><\/figure><\/div>\t\t\t<\/div>\n\t\t\t\t\t\t\t\n\t\t\t\t\t\t\t\t\t<div class=\"swiper-pagination\"><\/div>\n\t\t\t\t\t\t\t\t\t<\/div>\n\t\t\t\t\t\t<\/div>\n\t\t\t\t<\/div>\n\t\t\t\t<div class=\"elementor-element elementor-element-29248485 elementor-widget elementor-widget-spacer\" data-id=\"29248485\" data-element_type=\"widget\" data-widget_type=\"spacer.default\">\n\t\t\t\t<div class=\"elementor-widget-container\">\n\t\t\t\t\t\t\t<div class=\"elementor-spacer\">\n\t\t\t<div class=\"elementor-spacer-inner\"><\/div>\n\t\t<\/div>\n\t\t\t\t\t\t<\/div>\n\t\t\t\t<\/div>\n\t\t\t\t\t<\/div>\n\t\t<\/div>\n\t\t\t\t\t<\/div>\n\t\t<\/section>\n\t\t<div class=\"elementor-element elementor-element-16ea194 e-grid e-con-boxed e-con e-parent\" data-id=\"16ea194\" data-element_type=\"container\">\n\t\t\t\t\t<div class=\"e-con-inner\">\n\t\t\t\t<div class=\"elementor-element elementor-element-b892fa6 elementor-widget elementor-widget-image\" data-id=\"b892fa6\" data-element_type=\"widget\" data-widget_type=\"image.default\">\n\t\t\t\t<div class=\"elementor-widget-container\">\n\t\t\t\t\t\t\t\t\t\t\t\t<figure class=\"wp-caption\">\n\t\t\t\t\t\t\t\t\t\t<img fetchpriority=\"high\" decoding=\"async\" width=\"720\" height=\"540\" src=\"https:\/\/usm-maferinyah.com\/wp-content\/uploads\/2026\/02\/Equipe-U15-USM-Maferinyah-.jpeg\" class=\"attachment-large size-large wp-image-215\" alt=\"\u00c9quipe U15 USM Maferinyah - Centre de formation football Guin\u00e9e\" srcset=\"https:\/\/usm-maferinyah.com\/wp-content\/uploads\/2026\/02\/Equipe-U15-USM-Maferinyah-.jpeg 720w, https:\/\/usm-maferinyah.com\/wp-content\/uploads\/2026\/02\/Equipe-U15-USM-Maferinyah--300x225.jpeg 300w\" sizes=\"(max-width: 720px) 100vw, 720px\" \/>\t\t\t\t\t\t\t\t\t\t\t<figcaption class=\"widget-image-caption wp-caption-text\">L'\u00e9quipe U15 de l'USM Maferinyah : la future \u00e9lite de notre centre.<\/figcaption>\n\t\t\t\t\t\t\t\t\t\t<\/figure>\n\t\t\t\t\t\t\t\t\t<\/div>\n\t\t\t\t<\/div>\n\t\t\t\t<div class=\"elementor-element elementor-element-f9c98f0 elementor-widget elementor-widget-image\" data-id=\"f9c98f0\" data-element_type=\"widget\" data-widget_type=\"image.default\">\n\t\t\t\t<div class=\"elementor-widget-container\">\n\t\t\t\t\t\t\t\t\t\t\t\t<figure class=\"wp-caption\">\n\t\t\t\t\t\t\t\t\t\t<img decoding=\"async\" width=\"1024\" height=\"882\" src=\"https:\/\/usm-maferinyah.com\/wp-content\/uploads\/2026\/02\/Equipe-U14-USM-Maferinyah--1024x882.jpeg\" class=\"attachment-large size-large wp-image-216\" alt=\"\u00c9quipe U14 USM Maferinyah - Centre de formation football Guin\u00e9e\" srcset=\"https:\/\/usm-maferinyah.com\/wp-content\/uploads\/2026\/02\/Equipe-U14-USM-Maferinyah--1024x882.jpeg 1024w, https:\/\/usm-maferinyah.com\/wp-content\/uploads\/2026\/02\/Equipe-U14-USM-Maferinyah--300x258.jpeg 300w, https:\/\/usm-maferinyah.com\/wp-content\/uploads\/2026\/02\/Equipe-U14-USM-Maferinyah--768x661.jpeg 768w, https:\/\/usm-maferinyah.com\/wp-content\/uploads\/2026\/02\/Equipe-U14-USM-Maferinyah-.jpeg 1080w\" sizes=\"(max-width: 1024px) 100vw, 1024px\" \/>\t\t\t\t\t\t\t\t\t\t\t<figcaption class=\"widget-image-caption wp-caption-text\">L'\u00e9quipe U14 de l'USM Maferinyah : nos jeunes talents en pleine pr\u00e9-formation.<\/figcaption>\n\t\t\t\t\t\t\t\t\t\t<\/figure>\n\t\t\t\t\t\t\t\t\t<\/div>\n\t\t\t\t<\/div>\n\t\t\t\t<div class=\"elementor-element elementor-element-500a932 elementor-widget elementor-widget-image\" data-id=\"500a932\" data-element_type=\"widget\" data-widget_type=\"image.default\">\n\t\t\t\t<div class=\"elementor-widget-container\">\n\t\t\t\t\t\t\t\t\t\t\t\t<figure class=\"wp-caption\">\n\t\t\t\t\t\t\t\t\t\t\t<a href=\"https:\/\/usm-maferinyah.com\/test-victoire-usm\/\">\n\t\t\t\t\t\t\t<img decoding=\"async\" width=\"612\" height=\"482\" src=\"https:\/\/usm-maferinyah.com\/wp-content\/uploads\/2026\/02\/Capture-decran-2026-02-21-a-21.42.42.png\" class=\"attachment-large size-large wp-image-218\" alt=\"\u00c9quipe U11 USM Maferinyah - Centre de formation football Guin\u00e9e\" srcset=\"https:\/\/usm-maferinyah.com\/wp-content\/uploads\/2026\/02\/Capture-decran-2026-02-21-a-21.42.42.png 612w, https:\/\/usm-maferinyah.com\/wp-content\/uploads\/2026\/02\/Capture-decran-2026-02-21-a-21.42.42-300x236.png 300w\" sizes=\"(max-width: 612px) 100vw, 612px\" \/>\t\t\t\t\t\t\t\t<\/a>\n\t\t\t\t\t\t\t\t\t\t\t<figcaption class=\"widget-image-caption wp-caption-text\">L'\u00e9quipe U11 de l'USM Maferinyah : les fondations de notre acad\u00e9mie.<\/figcaption>\n\t\t\t\t\t\t\t\t\t\t<\/figure>\n\t\t\t\t\t\t\t\t\t<\/div>\n\t\t\t\t<\/div>\n\t\t<div class=\"elementor-element elementor-element-5e21154 e-grid e-con-full e-con e-child\" data-id=\"5e21154\" data-element_type=\"container\">\n\t\t<div class=\"elementor-element elementor-element-02313c8 e-con-full e-flex e-con e-child\" data-id=\"02313c8\" data-element_type=\"container\">\n\t\t\t\t<\/div>\n\t\t\t\t<\/div>\n\t\t\t\t\t<\/div>\n\t\t\t\t<\/div>\n\t\t\t\t<\/div>\n\t\t","protected":false},"excerpt":{"rendered":"<p>Centre de formation Acad\u00e9mie USM Maferinyah Effectifs 2026\/2027 USM MAFERINYAH D\u00e9couvrez notre centre de formation pour la saison 2025\/2026 : un vivier de jeunes talents encadr\u00e9s par un staff technique passionn\u00e9 et exp\u00e9riment\u00e9. Entre apprentissage, ambition et esprit collectif, cette nouvelle saison s\u2019annonce riche en d\u00e9veloppement et en progression ! L&rsquo;\u00e9quipe U15 de l&rsquo;USM Maferinyah [&hellip;]<\/p>\n","protected":false},"author":1,"featured_media":0,"parent":0,"menu_order":0,"comment_status":"closed","ping_status":"closed","template":"","meta":{"ocean_post_layout":"full-screen","ocean_both_sidebars_style":"","ocean_both_sidebars_content_width":0,"ocean_both_sidebars_sidebars_width":0,"ocean_sidebar":"","ocean_second_sidebar":"","ocean_disable_margins":"enable","ocean_add_body_class":"","ocean_shortcode_before_top_bar":"","ocean_shortcode_after_top_bar":"","ocean_shortcode_before_header":"","ocean_shortcode_after_header":"","ocean_has_shortcode":"","ocean_shortcode_after_title":"","ocean_shortcode_before_footer_widgets":"","ocean_shortcode_after_footer_widgets":"","ocean_shortcode_before_footer_bottom":"","ocean_shortcode_after_footer_bottom":"","ocean_display_top_bar":"off","ocean_display_header":"default","ocean_header_style":"","ocean_center_header_left_menu":"","ocean_custom_header_template":"","ocean_custom_logo":0,"ocean_custom_retina_logo":0,"ocean_custom_logo_max_width":0,"ocean_custom_logo_tablet_max_width":0,"ocean_custom_logo_mobile_max_width":0,"ocean_custom_logo_max_height":0,"ocean_custom_logo_tablet_max_height":0,"ocean_custom_logo_mobile_max_height":0,"ocean_header_custom_menu":"","ocean_menu_typo_font_family":"","ocean_menu_typo_font_subset":"","ocean_menu_typo_font_size":0,"ocean_menu_typo_font_size_tablet":0,"ocean_menu_typo_font_size_mobile":0,"ocean_menu_typo_font_size_unit":"px","ocean_menu_typo_font_weight":"","ocean_menu_typo_font_weight_tablet":"","ocean_menu_typo_font_weight_mobile":"","ocean_menu_typo_transform":"","ocean_menu_typo_transform_tablet":"","ocean_menu_typo_transform_mobile":"","ocean_menu_typo_line_height":0,"ocean_menu_typo_line_height_tablet":0,"ocean_menu_typo_line_height_mobile":0,"ocean_menu_typo_line_height_unit":"","ocean_menu_typo_spacing":0,"ocean_menu_typo_spacing_tablet":0,"ocean_menu_typo_spacing_mobile":0,"ocean_menu_typo_spacing_unit":"","ocean_menu_link_color":"","ocean_menu_link_color_hover":"","ocean_menu_link_color_active":"","ocean_menu_link_background":"","ocean_menu_link_hover_background":"","ocean_menu_link_active_background":"","ocean_menu_social_links_bg":"","ocean_menu_social_hover_links_bg":"","ocean_menu_social_links_color":"","ocean_menu_social_hover_links_color":"","ocean_disable_title":"on","ocean_disable_heading":"default","ocean_post_title":"","ocean_post_subheading":"","ocean_post_title_style":"","ocean_post_title_background_color":"","ocean_post_title_background":0,"ocean_post_title_bg_image_position":"","ocean_post_title_bg_image_attachment":"","ocean_post_title_bg_image_repeat":"","ocean_post_title_bg_image_size":"","ocean_post_title_height":0,"ocean_post_title_bg_overlay":0.5,"ocean_post_title_bg_overlay_color":"","ocean_disable_breadcrumbs":"default","ocean_breadcrumbs_color":"","ocean_breadcrumbs_separator_color":"","ocean_breadcrumbs_links_color":"","ocean_breadcrumbs_links_hover_color":"","ocean_display_footer_widgets":"off","ocean_display_footer_bottom":"default","ocean_custom_footer_template":"","footnotes":""},"class_list":["post-90","page","type-page","status-publish","hentry","entry"],"_links":{"self":[{"href":"https:\/\/usm-maferinyah.com\/index.php\/wp-json\/wp\/v2\/pages\/90","targetHints":{"allow":["GET"]}}],"collection":[{"href":"https:\/\/usm-maferinyah.com\/index.php\/wp-json\/wp\/v2\/pages"}],"about":[{"href":"https:\/\/usm-maferinyah.com\/index.php\/wp-json\/wp\/v2\/types\/page"}],"author":[{"embeddable":true,"href":"https:\/\/usm-maferinyah.com\/index.php\/wp-json\/wp\/v2\/users\/1"}],"replies":[{"embeddable":true,"href":"https:\/\/usm-maferinyah.com\/index.php\/wp-json\/wp\/v2\/comments?post=90"}],"version-history":[{"count":37,"href":"https:\/\/usm-maferinyah.com\/index.php\/wp-json\/wp\/v2\/pages\/90\/revisions"}],"predecessor-version":[{"id":224,"href":"https:\/\/usm-maferinyah.com\/index.php\/wp-json\/wp\/v2\/pages\/90\/revisions\/224"}],"wp:attachment":[{"href":"https:\/\/usm-maferinyah.com\/index.php\/wp-json\/wp\/v2\/media?parent=90"}],"curies":[{"name":"wp","href":"https:\/\/api.w.org\/{rel}","templated":true}]}}